{"id":923,"date":"2017-03-01T16:02:26","date_gmt":"2017-03-01T15:02:26","guid":{"rendered":"http:\/\/asff.upol.cz\/?page_id=923"},"modified":"2017-04-07T19:15:03","modified_gmt":"2017-04-07T18:15:03","slug":"ke-stazeni","status":"publish","type":"page","link":"https:\/\/asff.upol.cz\/index.php\/ke-stazeni\/","title":{"rendered":"Ke sta\u017een\u00ed"},"content":{"rendered":"[vc_row parallax=&#8221;content-moving&#8221; parallax_image=&#8221;928&#8243; center_row=&#8221;yes&#8221; bg_type=&#8221;no_bg&#8221; bg_image_size=&#8221;cover&#8221; bg_img_attach=&#8221;scroll&#8221; parallax_sense=&#8221;30&#8243; animation_direction=&#8221;left-animation&#8221; animation_repeat=&#8221;repeat&#8221; viewport_vdo=&#8221;off&#8221; enable_controls=&#8221;off&#8221; bg_override=&#8221;0&#8243; parallax_content_sense=&#8221;30&#8243; fadeout_start_effect=&#8221;30&#8243; overlay_pattern_opacity=&#8221;80&#8243; overlay_pattern_attachment=&#8221;fixed&#8221; multi_color_overlay_opacity=&#8221;60&#8243; seperator_type=&#8221;none_seperator&#8221; seperator_position=&#8221;top_seperator&#8221; seperator_shape_size=&#8221;40&#8243; seperator_svg_height=&#8221;60&#8243; seperator_shape_background=&#8221;#ffffff&#8221; seperator_shape_border=&#8221;none&#8221; seperator_shape_border_width=&#8221;1&#8243; icon_type=&#8221;no_icon&#8221; icon_size=&#8221;32&#8243; icon_style=&#8221;none&#8221; icon_color_border=&#8221;#333333&#8243; icon_border_size=&#8221;1&#8243; icon_border_radius=&#8221;500&#8243; icon_border_spacing=&#8221;50&#8243; img_width=&#8221;48&#8243; ult_hide_row_large_screen=&#8221;off&#8221; ult_hide_row_desktop=&#8221;off&#8221; ult_hide_row_tablet=&#8221;off&#8221; ult_hide_row_tablet_small=&#8221;off&#8221; ult_hide_row_mobile=&#8221;off&#8221; ult_hide_row_mobile_large=&#8221;off&#8221; css=&#8221;.vc_custom_1488392088919{margin-right: -31px !important;margin-left: -31px !important;border-bottom-width: 20px !important;padding-right: 100px !important;padding-bottom: 20px !important;padding-left: 100px !important;}&#8221; min_height=&#8221;360&#8243; el_id=&#8221;intro&#8221; local_scroll_id=&#8221;intro&#8221;][vc_column][\/vc_column][\/vc_row][vc_row][vc_column]<div class=\"vcex-spacing\" style=\"height:30px\"><\/div>[vc_column_text css_animation=&#8221;top-to-bottom&#8221;]<span style=\"font-size: 21px;\"><strong>Volebn\u00ed v\u00fdsledky<\/strong><\/span><\/p>\n<p><a href=\"https:\/\/asff.upol.cz\/wp-content\/uploads\/2017\/02\/Volby-do-Akademick\u00e9ho-sen\u00e1tu-FIF-UP-2017.pdf\">Volby do Akademick\u00e9ho sen\u00e1tu FIF UP 2017<\/a> (.pdf)<\/p>\n<p><a href=\"https:\/\/asff.upol.cz\/wp-content\/uploads\/2017\/02\/Zapis-volebni-komise.doc\">Z\u00e1pis volebni komise\u00a0AS FF UP<\/a>\u00a0(.doc)<\/p>\n<p><a href=\"https:\/\/asff.upol.cz\/wp-content\/uploads\/2017\/03\/V\u00fdseldky-AS-UP-2017.pdf\">Volby do Akademick\u00e9ho sen\u00e1tu UP<\/a> (.pdf)<\/p>\n<p>&nbsp;[\/vc_column_text][vc_column_text css_animation=&#8221;top-to-bottom&#8221;]<span style=\"font-size: 21px;\"><strong>Kandid\u00e1tn\u00ed listiny<\/strong><\/span><\/p>\n<p><a href=\"https:\/\/asff.upol.cz\/wp-content\/uploads\/2017\/03\/Kandidatni_listina_AS_FF_UPOL_2017.pdf\">Seznam kandid\u00e1t\u016f do Akademick\u00e9ho sen\u00e1tu Filozofick\u00e9 fakulty UP<\/a> (.pdf)<\/p>\n<p><a href=\"https:\/\/asff.upol.cz\/wp-content\/uploads\/2017\/03\/Kandid\u00e1tn\u00ed-listina-AS_UP_pro-FF.pdf\">Seznam kandid\u00e1t\u016f do\u00a0Akademick\u00e9ho sen\u00e1tu Univerzity Palack\u00e9ho<\/a> (.pdf)<\/p>\n<p><a href=\"https:\/\/asff.upol.cz\/wp-content\/uploads\/2017\/03\/Kandidatni_listina_Ombudsman_FF_2017.pdf\">Seznam kandid\u00e1t\u016f na Ombudsmana\u00a0Filozofick\u00e9 fakulty UP<\/a> (.pdf)[\/vc_column_text]<div class=\"vcex-spacing\" style=\"height:30px\"><\/div>[vc_column_text css_animation=&#8221;top-to-bottom&#8221;]<span style=\"font-size: 21px;\"><strong>Nomina\u010dn\u00ed formul\u00e1\u0159e<\/strong> (archivov\u00e1no)<\/span><\/p>\n<p><a href=\"https:\/\/asff.upol.cz\/wp-content\/uploads\/2017\/03\/Navrh_ASFF.doc\">Nominace na kandid\u00e1ta do\u00a0Akademick\u00e9ho sen\u00e1tu Filozofick\u00e9 fakulty UP<\/a> (.doc)<\/p>\n<p><a href=\"https:\/\/asff.upol.cz\/wp-content\/uploads\/2017\/03\/Navrh_AS.doc\">Nominace na kandid\u00e1ta do\u00a0Akademick\u00e9ho sen\u00e1tu Univerzity Palack\u00e9ho<\/a> (.doc)<\/p>\n<p><a href=\"https:\/\/asff.upol.cz\/wp-content\/uploads\/2017\/03\/Navrh_Ombudsman.doc\">Nominace na kandid\u00e1ta na Ombudsmana\u00a0Filozofick\u00e9 fakulty UP<\/a> (.doc)<\/p>\n<p><strong>Lh\u016fta na nominace kandid\u00e1t\u016f skon\u010dila<\/strong>\u00a010. b\u0159ezna 2017.[\/vc_column_text]<div class=\"vcex-spacing\" style=\"height:44px\"><\/div>[\/vc_column][\/vc_row]\n","protected":false},"excerpt":{"rendered":"<p>[vc_row parallax=&#8221;content-moving&#8221; parallax_image=&#8221;928&#8243; center_row=&#8221;yes&#8221; bg_type=&#8221;no_bg&#8221; bg_image_size=&#8221;cover&#8221; bg_img_attach=&#8221;scroll&#8221; parallax_sense=&#8221;30&#8243; animation_direction=&#8221;left-animation&#8221; animation_repeat=&#8221;repeat&#8221; viewport_vdo=&#8221;off&#8221; enable_controls=&#8221;off&#8221; bg_override=&#8221;0&#8243; parallax_content_sense=&#8221;30&#8243; fadeout_start_effect=&#8221;30&#8243; overlay_pattern_opacity=&#8221;80&#8243; overlay_pattern_attachment=&#8221;fixed&#8221; multi_color_overlay_opacity=&#8221;60&#8243; seperator_type=&#8221;none_seperator&#8221; seperator_position=&#8221;top_seperator&#8221; seperator_shape_size=&#8221;40&#8243; seperator_svg_height=&#8221;60&#8243; seperator_shape_background=&#8221;#ffffff&#8221; seperator_shape_border=&#8221;none&#8221; seperator_shape_border_width=&#8221;1&#8243; icon_type=&#8221;no_icon&#8221; icon_size=&#8221;32&#8243; icon_style=&#8221;none&#8221; icon_color_border=&#8221;#333333&#8243; icon_border_size=&#8221;1&#8243; icon_border_radius=&#8221;500&#8243; icon_border_spacing=&#8221;50&#8243; img_width=&#8221;48&#8243; ult_hide_row_large_screen=&#8221;off&#8221; ult_hide_row_desktop=&#8221;off&#8221; ult_hide_row_tablet=&#8221;off&#8221; ult_hide_row_tablet_small=&#8221;off&#8221; ult_hide_row_mobile=&#8221;off&#8221; ult_hide_row_mobile_large=&#8221;off&#8221; css=&#8221;.vc_custom_1488392088919{margin-right:&hellip;<\/p>\n","protected":false},"author":1,"featured_media":0,"parent":0,"menu_order":0,"comment_status":"closed","ping_status":"closed","template":"","meta":{"footnotes":""},"class_list":["post-923","page","type-page","status-publish","hentry","entry","no-media"],"_links":{"self":[{"href":"https:\/\/asff.upol.cz\/index.php\/wp-json\/wp\/v2\/pages\/923","targetHints":{"allow":["GET"]}}],"collection":[{"href":"https:\/\/asff.upol.cz\/index.php\/wp-json\/wp\/v2\/pages"}],"about":[{"href":"https:\/\/asff.upol.cz\/index.php\/wp-json\/wp\/v2\/types\/page"}],"author":[{"embeddable":true,"href":"https:\/\/asff.upol.cz\/index.php\/wp-json\/wp\/v2\/users\/1"}],"replies":[{"embeddable":true,"href":"https:\/\/asff.upol.cz\/index.php\/wp-json\/wp\/v2\/comments?post=923"}],"version-history":[{"count":11,"href":"https:\/\/asff.upol.cz\/index.php\/wp-json\/wp\/v2\/pages\/923\/revisions"}],"predecessor-version":[{"id":1041,"href":"https:\/\/asff.upol.cz\/index.php\/wp-json\/wp\/v2\/pages\/923\/revisions\/1041"}],"wp:attachment":[{"href":"https:\/\/asff.upol.cz\/index.php\/wp-json\/wp\/v2\/media?parent=923"}],"curies":[{"name":"wp","href":"https:\/\/api.w.org\/{rel}","templated":true}]}}