{"id":1437,"date":"2019-10-04T19:31:39","date_gmt":"2019-10-04T18:31:39","guid":{"rendered":"http:\/\/asff.upol.cz\/?page_id=1437"},"modified":"2026-01-09T19:14:11","modified_gmt":"2026-01-09T18:14:11","slug":"historie-voleb","status":"publish","type":"page","link":"https:\/\/asff.upol.cz\/index.php\/historie-voleb\/","title":{"rendered":"Minul\u00e9 volby"},"content":{"rendered":"[vc_row parallax=&#8221;content-moving&#8221; parallax_image=&#8221;1472&#8243; min_height=&#8221;360&#8243;][vc_column][\/vc_column][\/vc_row][vc_row css=&#8221;.vc_custom_1570214089546{margin-top: 20px !important;}&#8221;][vc_column][vc_column_text]\n<h1 style=\"text-align: center;\">Minul\u00e9 volby<\/h1>\n<p style=\"text-align: center;\"><span style=\"font-size: 18px;\">Na tomto m\u00edst\u011b najdete v\u0161echny dostupn\u00e9 informace k prob\u011bhl\u00fdm volb\u00e1m a ke slo\u017een\u00ed akademick\u00fdch sen\u00e1t\u016f fakulty i univerzity. Sou\u010d\u00e1st\u00ed p\u0159ehledu jsou i informace o volb\u00e1ch ombudsmana FF UP. Nejbli\u017e\u0161\u00ed volby do akademick\u00e9ho sen\u00e1tu filozofick\u00e9 fakulty se uskute\u010dn\u00ed v roce 2028. Volby ombudsosob prob\u011bhnou v roce 2026.<br \/>\n<\/span><\/p>\n<p><span style=\"font-size: 14px;\">Pokud je u \u00fadaje o volebn\u00ed \u00fa\u010dasti uvedena hv\u011bzdi\u010dka (*), nejedn\u00e1 se o \u00fadaj p\u0159\u00edslu\u0161n\u00e9 volebn\u00ed komise, ale o p\u0159ibli\u017en\u00fd v\u00fdpo\u010det volebn\u00ed \u00fa\u010dasti na z\u00e1klad\u011b pravd\u011bpodobn\u00e9ho po\u010dtu opr\u00e1vn\u011bn\u00fdch voli\u010d\u016f. Odhad po\u010dtu opr\u00e1vn\u011bn\u00fdch voli\u010d\u016f se zakl\u00e1d\u00e1 na volb\u00e1ch, kter\u00e9 se konaly na fakult\u011b v podobn\u00e9m obdob\u00ed a u nich\u017e je \u00fadaj uveden. \u00dadaj o p\u0159ibli\u017en\u00e9m po\u010dtu voli\u010d\u016f byl p\u0159\u00edpadn\u011b z\u00edsk\u00e1n i z informa\u010dn\u00edch syst\u00e9m\u016f STAG a SAP. V p\u0159\u00edpad\u011b takov\u00e9 volebn\u00ed \u00fa\u010dast se nejedn\u00e1 o p\u0159esn\u00fd \u00fadaj!<\/span>[\/vc_column_text][\/vc_column][\/vc_row][vc_row][vc_column][vc_tta_accordion][vc_tta_section title=&#8221;Volby 2025&#8243; tab_id=&#8221;1767793141432-5e8c0080-aacb&#8221;][vc_column_text]V roce 2025 se volil sen\u00e1t Filozofick\u00e9 fakulty.<\/p>\n<p>&nbsp;<\/p>\n<p>Do <strong>Akademick\u00e9ho sen\u00e1tu Filozofick\u00e9 fakulty UP<\/strong> se volilo od 27. listopadu do 2. prosince 2025. Seznam zvolen\u00fdch sen\u00e1tor\u016f a sen\u00e1torek v\u010detn\u011b dal\u0161\u00edch podrobnost\u00ed najdete <a href=\"https:\/\/www.ff.upol.cz\/fileadmin\/userdata\/FF\/uredni_deska\/oznameni\/volby\/volby_senat\/Zapis_o_vysledku_voleb_do_Akademickeho_senatu_Filozoficke_fakulty_Univerzity_Palackeho_2025___prilohy_FINAL.pdf\">zde<\/a>.<\/p>\n<ul>\n<li>Volebn\u00ed \u00fa\u010dast: <strong>33,51 %<\/strong><\/li>\n<\/ul>\n[\/vc_column_text][\/vc_tta_section][vc_tta_section title=&#8221;Volby 2023&#8243; tab_id=&#8221;1767793059679-0f371202-a427&#8243;][vc_column_text]V roce 2023 se volil sen\u00e1t Filozofick\u00e9 fakulty, sen\u00e1t Univerzity Palack\u00e9ho a ombudsosoby FF UP.<\/p>\n<p>&nbsp;<\/p>\n<p>Do <strong>Akademick\u00e9ho sen\u00e1tu Filozofick\u00e9 fakulty UP<\/strong> se volilo od 2. \u00fanora do 8. \u00fanora 2023. Seznam zvolen\u00fdch sen\u00e1tor\u016f a sen\u00e1torek v\u010detn\u011b dal\u0161\u00edch podrobnost\u00ed najdete <a href=\"https:\/\/www.ff.upol.cz\/files\/FF\/uredni_deska\/Zapis_z_voleb_2023.pdf\">zde<\/a>.<\/p>\n<ul>\n<li>Volebn\u00ed \u00fa\u010dast: <strong>24,11\u00a0%<\/strong><\/li>\n<\/ul>\n<p>Do <strong>Akademick\u00e9ho sen\u00e1tu Univerzity Palack\u00e9ho<\/strong> se volilo od 3. kv\u011btna do 11. kv\u011btna 2023. Seznam zvolen\u00fdch sen\u00e1tor\u016f a sen\u00e1torek v\u010detn\u011b dal\u0161\u00edch podrobnost\u00ed najdete <a href=\"https:\/\/www.upol.cz\/files\/userdata\/UP\/uredni-deska\/Vysledky_voleb_do_ASUP_2023_po_opakovanych_volba__ch.pdf\">zde<\/a>.<\/p>\n<ul>\n<li>Volebn\u00ed \u00fa\u010dast na fakult\u011b:<strong> 19,2 %<\/strong><\/li>\n<\/ul>\n<p>Do<strong> funkce ombudsmana <\/strong>byla ve volb\u00e1ch, kter\u00e9 prob\u00edhaly od 12. prosince do 14. prosince 2023, zvolena\u00a0<strong>Mgr. et Mgr. Michaela Anton\u00edn Malan\u00edkov\u00e1, Ph.D. a <\/strong><strong>Mgr. Jaroslav \u0160otola,<\/strong> <strong>Ph.D.<\/strong>, <strong>jako jej\u00ed z\u00e1stupce. <\/strong><\/p>\n<ul>\n<li>Volebn\u00ed \u00fa\u010dast:<strong> 5,56 %<\/strong><\/li>\n<\/ul>\n[\/vc_column_text][\/vc_tta_section][vc_tta_section title=&#8221;Volby 2020&#8243; tab_id=&#8221;1583709239872-662afbbf-6cad&#8221;][vc_column_text]V roce 2020 se volil sen\u00e1t Filozofick\u00e9 fakulty, velk\u00fd sen\u00e1t univerzitn\u00ed a ombudsman FF UP.<\/p>\n<p>&nbsp;<\/p>\n<p>Do <strong>Akademick\u00e9ho sen\u00e1tu Filozofick\u00e9 fakulty UP<\/strong> se volilo od 27. \u00fanora do 4. b\u0159ezna 2020. Seznam zvolen\u00fdch sen\u00e1tor\u016f a sen\u00e1torek v\u010detn\u011b dal\u0161\u00edch podrobnost\u00ed najdete <a href=\"https:\/\/asff.upol.cz\/wp-content\/uploads\/2020\/03\/Z\u00e1pis-o-pr\u016fb\u011bhu-voleb-do-AS-FF-UP-a-v\u00fdsledky-2020.pdf\">zde<\/a>.<\/p>\n<ul>\n<li>Volebn\u00ed \u00fa\u010dast: <strong>31,49 %<\/strong><\/li>\n<\/ul>\n<p>Do <strong>Akademick\u00e9ho sen\u00e1tu Univerzity Palack\u00e9ho<\/strong> se volilo od 19. kv\u011btna do 25. kv\u011btna 2020. Seznam zvolen\u00fdch sen\u00e1tor\u016f a sen\u00e1torek v\u010detn\u011b dal\u0161\u00edch podrobnost\u00ed najdete <a href=\"https:\/\/asff.upol.cz\/wp-content\/uploads\/2020\/06\/Zaverecna_zprava_HVK_pro_volby_do_AS_UP_2020_final_merged.pdf\">zde<\/a>.<\/p>\n<ul>\n<li>Volebn\u00ed \u00fa\u010dast na fakult\u011b:<strong> 28,08 %<\/strong><\/li>\n<\/ul>\n<p>Do<strong> funkce ombudsmana <\/strong>byl ve volb\u00e1ch, kter\u00e9 prob\u00edhaly od 5. listopadu do 10. listopadu 2020, zvolen <strong>Mgr. Jaroslav \u0160otola,<\/strong> <strong>Ph.D.<\/strong>, kter\u00fd si za svou z\u00e1stupkyni zvolil<strong> Mgr. et Mgr. Michaelu Anton\u00edn Malan\u00edkovou, Ph.D. <\/strong>Dal\u0161\u00ed podrobnosti najdete <a href=\"https:\/\/asff.upol.cz\/wp-content\/uploads\/2020\/11\/00_Z\u00e1pis_o_pr\u016fb\u011bhu_hlasov\u00e1n\u00ed_a_v\u00fdsledku_voleb_ombudsmana_FF_UP.pdf\">zde<\/a>.<\/p>\n<ul>\n<li>Volebn\u00ed \u00fa\u010dast:<strong> 13,05 %<\/strong><\/li>\n<\/ul>\n[\/vc_column_text][\/vc_tta_section][vc_tta_section title=&#8221;Volby 2017&#8243; tab_id=&#8221;1570214039414-e467afe6-0be1&#8243;][vc_column_text]V roce 2017 se volil sen\u00e1t Filozofick\u00e9 fakulty, velk\u00fd sen\u00e1t univerzitn\u00ed a ombudsman FF UP.<\/p>\n<p>&nbsp;<\/p>\n<p>Do <strong>Akademick\u00e9ho sen\u00e1tu Filozofick\u00e9 fakulty UP<\/strong> se volilo od 30. b\u0159ezna do 5. dubna 2017. Seznam zvolen\u00fdch sen\u00e1tor\u016f a sen\u00e1torek v\u010detn\u011b dal\u0161\u00edch podrobnost\u00ed najdete <a href=\"https:\/\/asff.upol.cz\/wp-content\/uploads\/2020\/01\/Kompletn\u00ed-v\u00fdsledky-a-info-k-volb\u00e1m-do-AS-FF-UP-a-Zpr\u00e1va-VK.pdf\">zde<\/a>.<\/p>\n<ul>\n<li>Volebn\u00ed \u00fa\u010dast: <strong>24,94 %<\/strong><\/li>\n<\/ul>\n<p>Do <strong>Akademick\u00e9ho sen\u00e1tu Univerzity Palack\u00e9ho<\/strong> se volilo od 24. b\u0159ezna do 7. dubna 2017. Seznam zvolen\u00fdch sen\u00e1tor\u016f a sen\u00e1torek v\u010detn\u011b dal\u0161\u00edch podrobnost\u00ed najdete <a href=\"https:\/\/asff.upol.cz\/wp-content\/uploads\/2020\/01\/V\u00fdsledky-voleb-do-AS-UP-a-z\u00e1pis-o-volb\u00e1ch-na-FF-pro-rok-2017.pdf\">zde<\/a>.<\/p>\n<ul>\n<li>Volebn\u00ed \u00fa\u010dast na fakult\u011b:<strong> 4,91 %*<\/strong><\/li>\n<\/ul>\n<p>Do<strong> funkce ombudsmanky<\/strong> byla ve volb\u00e1ch, kter\u00e9 prob\u00edhaly od 31. b\u0159ezna do 6. dubna 2017, zvolena <strong>Mgr. Ema Jel\u00ednkov\u00e1, Ph.D. <\/strong>Dal\u0161\u00ed podrobnosti najdete <a href=\"https:\/\/asff.upol.cz\/wp-content\/uploads\/2020\/11\/Z\u00e1pis-VK-AS-FF-UP-2017-Ombudsman.pdf\">zde<\/a>.<\/p>\n<ul>\n<li>Volebn\u00ed \u00fa\u010dast:<strong> 2 %*<\/strong><\/li>\n<\/ul>\n[\/vc_column_text][\/vc_tta_section][vc_tta_section title=&#8221;Volby 2014&#8243; tab_id=&#8221;1570214039414-ba702e60-8cbf&#8221;][vc_column_text]V roce 2014 se volil sen\u00e1t Filozofick\u00e9 fakulty i velk\u00fd sen\u00e1t univerzitn\u00ed.<\/p>\n<p>&nbsp;<\/p>\n<p>Do <strong>Akademick\u00e9ho sen\u00e1tu Filozofick\u00e9 fakulty UP<\/strong> se volilo od 5. b\u0159ezna do 7. b\u0159ezna 2014. Seznam zvolen\u00fdch sen\u00e1tor\u016f a sen\u00e1torek v\u010detn\u011b dal\u0161\u00edch podrobnost\u00ed najdete <a href=\"https:\/\/asff.upol.cz\/wp-content\/uploads\/2019\/12\/V\u00fdsledky-voleb-do-AS-FF-UP-v-roce-2014.pdf\">zde<\/a>.<\/p>\n<ul>\n<li>Volebn\u00ed \u00fa\u010dast: <strong>29,2 %<\/strong><\/li>\n<\/ul>\n<p>Do <strong>Akademick\u00e9ho sen\u00e1tu Univerzity Palack\u00e9ho<\/strong> se na FF UP volilo 9. dubna a 11. dubna 2014. Seznam zvolen\u00fdch sen\u00e1tor\u016f a sen\u00e1torek v\u010detn\u011b dal\u0161\u00edch podrobnost\u00ed najdete <a href=\"https:\/\/asff.upol.cz\/wp-content\/uploads\/2019\/12\/Zpr\u00e1va-DVK-a-HVK-o-v\u00fdsledku-voleb-do-AS-UP-v-roce-2014.pdf\">zde<\/a>.<\/p>\n<ul>\n<li>Volebn\u00ed \u00fa\u010dast na fakult\u011b: <strong>9,1 %*<\/strong><\/li>\n<\/ul>\n<p>Do<strong> funkce ombudsmanky<\/strong> byla ve volb\u00e1ch, kter\u00e9 prob\u00edhaly od 9. dubna do 11. dubna 2014, zvolena <strong>Mgr. Andrea Preissov\u00e1 Krej\u010d\u00ed, Ph.D. <\/strong>Dal\u0161\u00ed podrobnosti najdete <a href=\"https:\/\/asff.upol.cz\/wp-content\/uploads\/2020\/11\/Volby-ombudsmana-FF-UP-pro-funk\u010dn\u00ed-obdob\u00ed-2014.pdf\">zde<\/a>.<\/p>\n<ul>\n<li>Volebn\u00ed \u00fa\u010dast:<strong> 7,7 %*<\/strong><\/li>\n<\/ul>\n[\/vc_column_text][\/vc_tta_section][vc_tta_section title=&#8221;Volby 2011&#8243; tab_id=&#8221;1577915005027-6da4fa7f-fa90&#8243;][vc_column_text]V roce 2011 se volil sen\u00e1t Filozofick\u00e9 fakulty i velk\u00fd sen\u00e1t univerzitn\u00ed.<\/p>\n<p>&nbsp;<\/p>\n<p>Do\u00a0<strong>Akademick\u00e9ho sen\u00e1tu Filozofick\u00e9 fakulty UP<\/strong>\u00a0se volilo od 1. b\u0159ezna do 2. b\u0159ezna 2011. Seznam zvolen\u00fdch sen\u00e1tor\u016f a sen\u00e1torek v\u010detn\u011b dal\u0161\u00edch podrobnost\u00ed najdete\u00a0<a href=\"https:\/\/asff.upol.cz\/wp-content\/uploads\/2019\/12\/V%C3%BDsledky-voleb-ddo-AS-FF-UP-v-roce-2011.pdf\">zde<\/a>.<\/p>\n<ul>\n<li>Volebn\u00ed \u00fa\u010dast: <strong>38,7 %*<\/strong><\/li>\n<\/ul>\n<p>Do\u00a0<strong>Akademick\u00e9ho sen\u00e1tu Univerzity Palack\u00e9ho<\/strong>\u00a0se na FF UP volilo 5. dubna a 6. dubna 2011. Seznam zvolen\u00fdch sen\u00e1tor\u016f a sen\u00e1torek v\u010detn\u011b dal\u0161\u00edch podrobnost\u00ed najdete\u00a0<a href=\"https:\/\/asff.upol.cz\/wp-content\/uploads\/2019\/12\/Zpr%C3%A1va-HVK-a-DVK-o-v%C3%BDsledku-voleb-do-AS-UP-v-roce-2011.pdf\">zde<\/a>.<\/p>\n<ul>\n<li>Volebn\u00ed \u00fa\u010dast na fakult\u011b: <strong>6,8 %*<\/strong><\/li>\n<\/ul>\n[\/vc_column_text][\/vc_tta_section][vc_tta_section title=&#8221;Volby 2008&#8243; tab_id=&#8221;1577914842117-682aefae-ce9e&#8221;][vc_column_text]V roce 2008 se volil sen\u00e1t Filozofick\u00e9 fakulty i velk\u00fd sen\u00e1t univerzitn\u00ed.<\/p>\n<p>&nbsp;<\/p>\n<p>Do\u00a0<strong>Akademick\u00e9ho sen\u00e1tu Filozofick\u00e9 fakulty UP<\/strong> se volilo 1. dubna a 2. dubna 2008. Seznam zvolen\u00fdch sen\u00e1tor\u016f a sen\u00e1torek v\u010detn\u011b dal\u0161\u00edch podrobnost\u00ed najdete <a href=\"https:\/\/asff.upol.cz\/wp-content\/uploads\/2019\/12\/Volby-do-AS-FF-UP-2008.pdf\">zde<\/a>.<\/p>\n<ul>\n<li>Volebn\u00ed \u00fa\u010dast: <strong>27,8 %*<\/strong><\/li>\n<\/ul>\n<p>Do\u00a0<strong>Akademick\u00e9ho sen\u00e1tu Univerzity Palack\u00e9ho<\/strong> se na FF UP volilo 1. dubna a 2. dubna 2008. Seznam zvolen\u00fdch sen\u00e1tor\u016f a sen\u00e1torek v\u010detn\u011b dal\u0161\u00edch podrobnost\u00ed najdete <a href=\"https:\/\/asff.upol.cz\/wp-content\/uploads\/2020\/01\/Zpr\u00e1va-HVK-AS-UP-o-volb\u00e1ch-2008-a-v\u00fdsledky-za-FF-UP.pdf\">zde<\/a>.<\/p>\n<ul>\n<li>Volebn\u00ed \u00fa\u010dast na fakult\u011b: <strong>27,8 %*<\/strong><\/li>\n<\/ul>\n[\/vc_column_text][\/vc_tta_section][vc_tta_section title=&#8221;Volby 2005&#8243; tab_id=&#8221;1577489535659-ad9c0128-a33d&#8221;][vc_column_text]Do <strong>Akademick\u00e9ho sen\u00e1tu Filozofick\u00e9 fakulty UP<\/strong> se volilo 26. dubna 2005 (t\u0159et\u00ed kolo voleb). Seznam zvolen\u00fdch sen\u00e1tor\u016f a sen\u00e1torek v\u010detn\u011b dal\u0161\u00edch podrobnost\u00ed najdete <a href=\"https:\/\/asff.upol.cz\/wp-content\/uploads\/2019\/12\/Volby-do-AS-FF-UP-2005_protokol.pdf\">zde<\/a>.<\/p>\n<ul>\n<li>Volebn\u00ed \u00fa\u010dast: <strong>16,24 %<\/strong><\/li>\n<\/ul>\n<p>Seznam zvolen\u00fdch sen\u00e1tor\u016f a sen\u00e1torek do <strong>Akademick\u00e9ho sen\u00e1tu Univerzity Palack\u00e9ho<\/strong> pro funk\u010dn\u00ed obdob\u00ed 2005-2008 najdete <a href=\"https:\/\/asff.upol.cz\/wp-content\/uploads\/2020\/01\/Volby-do-AS-UP-2005.pdf\">zde<\/a>.<\/p>\n<ul>\n<li>Volebn\u00ed \u00fa\u010dast na fakult\u011b:<strong> 17,42 %<\/strong><\/li>\n<\/ul>\n[\/vc_column_text][\/vc_tta_section][vc_tta_section title=&#8221;Volby 2002&#8243; tab_id=&#8221;1577489586737-c517e3b0-4ff9&#8243;][vc_column_text]Seznam sen\u00e1tor\u016f a sen\u00e1torek, kte\u0159\u00ed ve volebn\u00edm obdob\u00ed 2002-2005 p\u016fsobili v <strong>akademick\u00e9m sen\u00e1tu fakulty<\/strong>, najdete <a href=\"https:\/\/asff.upol.cz\/wp-content\/uploads\/2019\/12\/\u010clenov\u00e9-sen\u00e1tu-FF-UP-v-dob\u011b-2002-2005.pdf\">zde<\/a>.<\/p>\n<ul>\n<li>Volebn\u00ed \u00fa\u010dast: <strong>? %<\/strong><\/li>\n<\/ul>\n[\/vc_column_text][\/vc_tta_section][\/vc_tta_accordion][\/vc_column][\/vc_row][vc_row][vc_column]<div class=\"vcex-module vcex-heading vcex-heading-plain\" style=\"text-align:center;\"><span class=\"vcex-heading-inner clr\">V\u00fdvoj volebn\u00ed \u00fa\u010dasti v %<\/span><\/div>[\/vc_column][\/vc_row][vc_row el_class=&#8221;graf_row&#8221;][vc_column offset=&#8221;vc_col-lg-offset-3 vc_col-lg-6&#8243;][vc_raw_html]JTNDdWwlMjBjbGFzcyUzRCUyMmdyYWZfbGVnZW5kYSUyMiUzRSUwQSUzQ2xpJTNFJTNDc3BhbiUyMHN0eWxlJTNEJTIyYmFja2dyb3VuZC1jb2xvciUzQSUyMzRjYWRjOSUyMiUzRSUzQyUyRnNwYW4lM0UlM0NzcGFuJTIwY2xhc3MlM0QlMjJncmFmX2xlZ2VuZGEtZGVzYyUyMiUzRUFTJTIwRkYlMjBVUCUzQyUyRnNwYW4lM0UlM0MlMkZsaSUzRSUwQSUzQ2xpJTNFJTNDc3BhbiUyMHN0eWxlJTNEJTIyYmFja2dyb3VuZC1jb2xvciUzQSUyM2ZlNmM2MSUyMiUzRSUzQyUyRnNwYW4lM0UlM0NzcGFuJTIwY2xhc3MlM0QlMjJncmFmX2xlZ2VuZGEtZGVzYyUyMiUzRUFTJTIwVVAlM0MlMkZzcGFuJTNFJTNDJTJGbGklM0UlMEElM0NsaSUzRSUzQ3NwYW4lMjBzdHlsZSUzRCUyMmJhY2tncm91bmQtY29sb3IlM0ElMjM3NWQ2OWMlMjIlM0UlM0MlMkZzcGFuJTNFJTNDc3BhbiUyMGNsYXNzJTNEJTIyZ3JhZl9sZWdlbmRhLWRlc2MlMjIlM0VPbWJ1ZHNtYW4lMjBGRiUyMFVQJTNDJTJGc3BhbiUzRSUzQyUyRmxpJTNFJTBBJTNDJTJGdWwlM0U=[\/vc_raw_html][vc_line_chart type=&#8221;line&#8221; style=&#8221;modern&#8221; legend=&#8221;&#8221; x_values=&#8221;2005;2008;2011;2014;2017;2020;2023;2025&#8243; values=&#8221;%5B%7B%22title%22%3A%22AS%20FF%20UP%22%2C%22y_values%22%3A%2216.24%3B%2027.8%3B%2038.7%3B%2029.2%3B%2024.94%3B%2031.49%3B%2024.11%3B%2033.51%22%2C%22color%22%3A%22peacoc%22%7D%2C%7B%22title%22%3A%22AS%20UP%22%2C%22y_values%22%3A%2217.42%3B%2027.8%3B%206.8%3B%209.1%3B%204.91%3B%2028.08%3B%2019.2%3B%2019.2%22%2C%22color%22%3A%22pink%22%7D%2C%7B%22title%22%3A%22Ombudsman%20FF%20UP%22%2C%22y_values%22%3A%220%3B%200%3B%200%3B%207.7%3B%202%3B%2013.05%3B%205.56%3B%205.56%22%2C%22color%22%3A%22vista-blue%22%2C%22custom_color%22%3A%22%2375d69c%22%7D%5D&#8221; animation=&#8221;easeOutBounce&#8221;][\/vc_column][\/vc_row]\n","protected":false},"excerpt":{"rendered":"<p>[vc_row parallax=&#8221;content-moving&#8221; parallax_image=&#8221;1472&#8243; min_height=&#8221;360&#8243;][vc_column][\/vc_column][\/vc_row][vc_row css=&#8221;.vc_custom_1570214089546{margin-top: 20px !important;}&#8221;][vc_column][vc_column_text] Minul\u00e9 volby Na tomto m\u00edst\u011b najdete v\u0161echny dostupn\u00e9 informace k prob\u011bhl\u00fdm volb\u00e1m a ke slo\u017een\u00ed akademick\u00fdch sen\u00e1t\u016f fakulty i univerzity. Sou\u010d\u00e1st\u00ed p\u0159ehledu jsou i informace o volb\u00e1ch ombudsmana FF UP. Nejbli\u017e\u0161\u00ed volby do&hellip;<\/p>\n","protected":false},"author":1,"featured_media":0,"parent":0,"menu_order":0,"comment_status":"closed","ping_status":"closed","template":"","meta":{"footnotes":""},"class_list":["post-1437","page","type-page","status-publish","hentry","entry","no-media"],"_links":{"self":[{"href":"https:\/\/asff.upol.cz\/index.php\/wp-json\/wp\/v2\/pages\/1437","targetHints":{"allow":["GET"]}}],"collection":[{"href":"https:\/\/asff.upol.cz\/index.php\/wp-json\/wp\/v2\/pages"}],"about":[{"href":"https:\/\/asff.upol.cz\/index.php\/wp-json\/wp\/v2\/types\/page"}],"author":[{"embeddable":true,"href":"https:\/\/asff.upol.cz\/index.php\/wp-json\/wp\/v2\/users\/1"}],"replies":[{"embeddable":true,"href":"https:\/\/asff.upol.cz\/index.php\/wp-json\/wp\/v2\/comments?post=1437"}],"version-history":[{"count":88,"href":"https:\/\/asff.upol.cz\/index.php\/wp-json\/wp\/v2\/pages\/1437\/revisions"}],"predecessor-version":[{"id":2415,"href":"https:\/\/asff.upol.cz\/index.php\/wp-json\/wp\/v2\/pages\/1437\/revisions\/2415"}],"wp:attachment":[{"href":"https:\/\/asff.upol.cz\/index.php\/wp-json\/wp\/v2\/media?parent=1437"}],"curies":[{"name":"wp","href":"https:\/\/api.w.org\/{rel}","templated":true}]}}