{"id":1184,"date":"2017-10-02T15:04:28","date_gmt":"2017-10-02T14:04:28","guid":{"rendered":"http:\/\/asff.upol.cz\/?page_id=1184"},"modified":"2022-05-10T19:14:50","modified_gmt":"2022-05-10T18:14:50","slug":"on-line-prenos","status":"publish","type":"page","link":"https:\/\/asff.upol.cz\/index.php\/on-line-prenos\/","title":{"rendered":"On-line p\u0159enos"},"content":{"rendered":"[vc_row css=&#8221;.vc_custom_1638986941360{margin-top: 15px !important;}&#8221;][vc_column][vc_row_inner][vc_column_inner][vc_column_text text_align=&#8221;center&#8221; css=&#8221;.vc_custom_1645011770024{margin-top: 2em !important;margin-bottom: 2em !important;}&#8221;]\u017div\u00e9 p\u0159enosy jedn\u00e1n\u00ed sen\u00e1tu jsou p\u0159\u00edstupn\u00e9 student\u016fm a zam\u011bstnanc\u016fm FF UP.<br \/>\nSledov\u00e1n\u00ed je mo\u017en\u00e9 na servisn\u00edm webu fakulty, po p\u0159ihl\u00e1\u0161en\u00ed pomoc\u00ed identifika\u010dn\u00edch \u00fadaj\u016f do Port\u00e1lu UP.[\/vc_column_text][vc_btn title=&#8221;P\u0159ej\u00edt na vys\u00edl\u00e1n\u00ed&#8221; style=&#8221;custom&#8221; custom_background=&#8221;#3ab0e1&#8243; custom_text=&#8221;#ffffff&#8221; size=&#8221;lg&#8221; align=&#8221;center&#8221; i_icon_fontawesome=&#8221;fas fa-video&#8221; add_icon=&#8221;true&#8221; link=&#8221;url:https%3A%2F%2Fservisff.upol.cz%2Fprenosy&#8221;][\/vc_column_inner][\/vc_row_inner][\/vc_column][\/vc_row]\n","protected":false},"excerpt":{"rendered":"<p>[vc_row css=&#8221;.vc_custom_1638986941360{margin-top: 15px !important;}&#8221;][vc_column][vc_row_inner][vc_column_inner][vc_column_text text_align=&#8221;center&#8221; css=&#8221;.vc_custom_1645011770024{margin-top: 2em !important;margin-bottom: 2em !important;}&#8221;]\u017div\u00e9 p\u0159enosy jedn\u00e1n\u00ed sen\u00e1tu jsou p\u0159\u00edstupn\u00e9 student\u016fm a zam\u011bstnanc\u016fm FF UP. Sledov\u00e1n\u00ed je mo\u017en\u00e9 na servisn\u00edm webu fakulty, po p\u0159ihl\u00e1\u0161en\u00ed pomoc\u00ed identifika\u010dn\u00edch \u00fadaj\u016f do Port\u00e1lu UP.[\/vc_column_text][vc_btn title=&#8221;P\u0159ej\u00edt na vys\u00edl\u00e1n\u00ed&#8221; style=&#8221;custom&#8221; custom_background=&#8221;#3ab0e1&#8243;&hellip;<\/p>\n","protected":false},"author":1,"featured_media":0,"parent":0,"menu_order":0,"comment_status":"closed","ping_status":"closed","template":"","meta":{"footnotes":""},"class_list":["post-1184","page","type-page","status-publish","hentry","entry","no-media"],"_links":{"self":[{"href":"https:\/\/asff.upol.cz\/index.php\/wp-json\/wp\/v2\/pages\/1184","targetHints":{"allow":["GET"]}}],"collection":[{"href":"https:\/\/asff.upol.cz\/index.php\/wp-json\/wp\/v2\/pages"}],"about":[{"href":"https:\/\/asff.upol.cz\/index.php\/wp-json\/wp\/v2\/types\/page"}],"author":[{"embeddable":true,"href":"https:\/\/asff.upol.cz\/index.php\/wp-json\/wp\/v2\/users\/1"}],"replies":[{"embeddable":true,"href":"https:\/\/asff.upol.cz\/index.php\/wp-json\/wp\/v2\/comments?post=1184"}],"version-history":[{"count":124,"href":"https:\/\/asff.upol.cz\/index.php\/wp-json\/wp\/v2\/pages\/1184\/revisions"}],"predecessor-version":[{"id":2193,"href":"https:\/\/asff.upol.cz\/index.php\/wp-json\/wp\/v2\/pages\/1184\/revisions\/2193"}],"wp:attachment":[{"href":"https:\/\/asff.upol.cz\/index.php\/wp-json\/wp\/v2\/media?parent=1184"}],"curies":[{"name":"wp","href":"https:\/\/api.w.org\/{rel}","templated":true}]}}