{"id":1168,"date":"2017-09-23T00:08:47","date_gmt":"2017-09-22T23:08:47","guid":{"rendered":"http:\/\/asff.upol.cz\/?page_id=1168"},"modified":"2026-01-09T19:18:14","modified_gmt":"2026-01-09T18:18:14","slug":"kontaktni-formular","status":"publish","type":"page","link":"https:\/\/asff.upol.cz\/index.php\/kontaktni-formular\/","title":{"rendered":"Napi\u0161te n\u00e1m"},"content":{"rendered":"<h2 style=\"text-align: center;\">&#x1f4ec; Kontaktujte n\u00e1s!<\/h2>\n<p>Prost\u0159ednictv\u00edm n\u00e1sleduj\u00edc\u00edho kontaktn\u00edho formul\u00e1\u0159e n\u00e1m m\u016f\u017eete zas\u00edlat va\u0161e n\u00e1vrhy, st\u00ed\u017enosti a podn\u011bty k pr\u00e1ci Akademick\u00e9ho sen\u00e1tu a filozofick\u00e9 fakulty na\u0161\u00ed univerzity.<\/p>\n<p>E-mail je povinn\u00fd, abychom v\u00e1m p\u0159\u00edpadn\u011b mohli na v\u00e1\u0161 podn\u011bt, ot\u00e1zku apod. odpov\u011bd\u011bt. Komise pro styk s akademickou obc\u00ed zaru\u010duje anonymitu a diskr\u00e9tn\u00ed projedn\u00e1n\u00ed va\u0161ich podn\u011bt\u016f.<\/p>\n<p>P\u0159\u00edklady t\u00e9mat, ohledn\u011b kter\u00fdch se na n\u00e1s m\u016f\u017eete obracet:<\/p>\n<ul>\n<li>n\u00e1vrhy na vylep\u0161en\u00ed<\/li>\n<li>st\u00ed\u017enosti na chod fakulty<\/li>\n<li>finance na fakult\u011b<\/li>\n<li>problematika studijn\u00edch program\u016f<\/li>\n<li>vnit\u0159n\u00ed uspo\u0159\u00e1d\u00e1n\u00ed fakulty<\/li>\n<li>a dal\u0161\u00ed&#8230;<\/li>\n<\/ul>\n\n<div class=\"wpcf7 no-js\" id=\"wpcf7-f1167-o1\" lang=\"cs-CZ\" dir=\"ltr\" data-wpcf7-id=\"1167\">\n<div class=\"screen-reader-response\"><p role=\"status\" aria-live=\"polite\" aria-atomic=\"true\"><\/p> <ul><\/ul><\/div>\n<form action=\"\/index.php\/wp-json\/wp\/v2\/pages\/1168#wpcf7-f1167-o1\" method=\"post\" class=\"wpcf7-form init\" aria-label=\"Kontaktn\u00ed formul\u00e1\u0159\" novalidate=\"novalidate\" data-status=\"init\">\n<fieldset class=\"hidden-fields-container\"><input type=\"hidden\" name=\"_wpcf7\" value=\"1167\" \/><input type=\"hidden\" name=\"_wpcf7_version\" value=\"6.1.4\" \/><input type=\"hidden\" name=\"_wpcf7_locale\" value=\"cs_CZ\" \/><input type=\"hidden\" name=\"_wpcf7_unit_tag\" value=\"wpcf7-f1167-o1\" \/><input type=\"hidden\" name=\"_wpcf7_container_post\" value=\"0\" \/><input type=\"hidden\" name=\"_wpcf7_posted_data_hash\" value=\"\" \/>\n<\/fieldset>\n<p><label> Va\u0161e jm\u00e9no (nepovinn\u00e9)<br \/>\n<span class=\"wpcf7-form-control-wrap\" data-name=\"your-name\"><input size=\"40\" maxlength=\"400\" class=\"wpcf7-form-control wpcf7-text\" aria-invalid=\"false\" value=\"\" type=\"text\" name=\"your-name\" \/><\/span> <\/label>\n<\/p>\n<p><label> V\u00e1\u0161 e-mail (povinn\u00e9)<br \/>\n<span class=\"wpcf7-form-control-wrap\" data-name=\"your-email\"><input size=\"40\" maxlength=\"400\" class=\"wpcf7-form-control wpcf7-email wpcf7-validates-as-required wpcf7-text wpcf7-validates-as-email\" aria-required=\"true\" aria-invalid=\"false\" value=\"\" type=\"email\" name=\"your-email\" \/><\/span> <\/label>\n<\/p>\n<p><label> P\u0159edm\u011bt (nepovinn\u00e9)<br \/>\n<span class=\"wpcf7-form-control-wrap\" data-name=\"your-subject\"><input size=\"40\" maxlength=\"400\" class=\"wpcf7-form-control wpcf7-text\" aria-invalid=\"false\" value=\"\" type=\"text\" name=\"your-subject\" \/><\/span> <\/label>\n<\/p>\n<p><label> Va\u0161e zpr\u00e1va (povinn\u00e9)<br \/>\n<span class=\"wpcf7-form-control-wrap\" data-name=\"your-message\"><textarea cols=\"40\" rows=\"10\" maxlength=\"2000\" class=\"wpcf7-form-control wpcf7-textarea wpcf7-validates-as-required\" aria-required=\"true\" aria-invalid=\"false\" name=\"your-message\"><\/textarea><\/span> <\/label>\n<\/p>\n<p><span class=\"wpcf7-form-control-wrap\" data-name=\"quiz-519\"><label><span class=\"wpcf7-quiz-label\">(Ochrana proti robot\u016fm) Jak zn\u00ed p\u0159\u00edjmen\u00ed sou\u010dasn\u00e9ho d\u011bkana FF UP?<\/span> <input size=\"40\" class=\"wpcf7-form-control wpcf7-quiz\" autocomplete=\"off\" aria-required=\"true\" aria-invalid=\"false\" type=\"text\" name=\"quiz-519\" \/><\/label><input type=\"hidden\" name=\"_wpcf7_quiz_answer_quiz-519\" value=\"efc4511db5d1b17cd17e8da269925946\" \/><\/span>\n<\/p>\n<p><input class=\"wpcf7-form-control wpcf7-submit has-spinner\" type=\"submit\" value=\"Odeslat\" \/>\n<\/p><div class=\"wpcf7-response-output\" aria-hidden=\"true\"><\/div>\n<\/form>\n<\/div>\n\n","protected":false},"excerpt":{"rendered":"<p>&#x1f4ec; Kontaktujte n\u00e1s! Prost\u0159ednictv\u00edm n\u00e1sleduj\u00edc\u00edho kontaktn\u00edho formul\u00e1\u0159e n\u00e1m m\u016f\u017eete zas\u00edlat va\u0161e n\u00e1vrhy, st\u00ed\u017enosti a podn\u011bty k pr\u00e1ci Akademick\u00e9ho sen\u00e1tu a filozofick\u00e9 fakulty na\u0161\u00ed univerzity. E-mail je povinn\u00fd, abychom v\u00e1m p\u0159\u00edpadn\u011b mohli na v\u00e1\u0161 podn\u011bt, ot\u00e1zku apod. odpov\u011bd\u011bt. Komise pro styk&hellip;<\/p>\n","protected":false},"author":2,"featured_media":0,"parent":0,"menu_order":0,"comment_status":"closed","ping_status":"closed","template":"","meta":{"footnotes":""},"class_list":["post-1168","page","type-page","status-publish","hentry","entry","no-media"],"_links":{"self":[{"href":"https:\/\/asff.upol.cz\/index.php\/wp-json\/wp\/v2\/pages\/1168","targetHints":{"allow":["GET"]}}],"collection":[{"href":"https:\/\/asff.upol.cz\/index.php\/wp-json\/wp\/v2\/pages"}],"about":[{"href":"https:\/\/asff.upol.cz\/index.php\/wp-json\/wp\/v2\/types\/page"}],"author":[{"embeddable":true,"href":"https:\/\/asff.upol.cz\/index.php\/wp-json\/wp\/v2\/users\/2"}],"replies":[{"embeddable":true,"href":"https:\/\/asff.upol.cz\/index.php\/wp-json\/wp\/v2\/comments?post=1168"}],"version-history":[{"count":4,"href":"https:\/\/asff.upol.cz\/index.php\/wp-json\/wp\/v2\/pages\/1168\/revisions"}],"predecessor-version":[{"id":1749,"href":"https:\/\/asff.upol.cz\/index.php\/wp-json\/wp\/v2\/pages\/1168\/revisions\/1749"}],"wp:attachment":[{"href":"https:\/\/asff.upol.cz\/index.php\/wp-json\/wp\/v2\/media?parent=1168"}],"curies":[{"name":"wp","href":"https:\/\/api.w.org\/{rel}","templated":true}]}}