{"id":1076,"date":"2017-06-16T23:40:46","date_gmt":"2017-06-16T22:40:46","guid":{"rendered":"http:\/\/asff.upol.cz\/?page_id=1076"},"modified":"2026-03-03T09:22:47","modified_gmt":"2026-03-03T08:22:47","slug":"1076-2","status":"publish","type":"page","link":"https:\/\/asff.upol.cz\/","title":{"rendered":"Aktuality"},"content":{"rendered":"[vc_row parallax=&#8221;content-moving&#8221; parallax_image=&#8221;1347&#8243; css=&#8221;.vc_custom_1544615433221{margin-right: -31px !important;margin-left: -31px !important;border-bottom-width: 20px !important;padding-right: 100px !important;padding-bottom: 20px !important;padding-left: 100px !important;}&#8221; local_scroll_id=&#8221;intro&#8221; el_id=&#8221;intro&#8221; min_height=&#8221;360&#8243;][vc_column][\/vc_column][\/vc_row][vc_row][vc_column][vc_text_separator title=&#8221;Pozv\u00e1nky a z\u00e1pisy&#8221; border_width=&#8221;2&#8243; css=&#8221;.vc_custom_1505776622446{margin-bottom: 25px !important;}&#8221;][vc_column_text css_animation=&#8221;none&#8221; css=&#8221;.vc_custom_1772526165313{margin-bottom: 15px !important;}&#8221;]\n<p style=\"text-align: center;\"><span style=\"font-size: 16px; font-family: georgia, palatino;\">&#x1f4dd; P\u0159\u00ed\u0161t\u00ed, ustavuj\u00edc\u00ed <strong>zased\u00e1n\u00ed AS FF UP<\/strong> prob\u011bhne <strong>25. b\u0159ezna ve 13:15 hodin<\/strong>.<br \/>\nAktu\u00e1ln\u00ed info o term\u00ednu zased\u00e1n\u00ed naleznete ve fakultn\u00edm newsletteru InFFo<\/span><\/p>\n<p style=\"text-align: center;\"><span style=\"font-size: 16px; font-family: georgia, palatino;\">&#x1f4e6; Archiv z\u00e1pis\u016f a pozv\u00e1nek Akademick\u00e9ho sen\u00e1tu FF UP je k dispozici <a href=\"https:\/\/www.ff.upol.cz\/o-fakulte\/uredni-deska\/zapisy-ze-zasedani-organu-ff-up\/\">zde<\/a>.<\/span><\/p>\n[\/vc_column_text][\/vc_column][\/vc_row][vc_row][vc_column][vc_text_separator title=&#8221;Aktuality&#8221; border_width=&#8221;2&#8243; css=&#8221;.vc_custom_1505776581118{margin-bottom: 25px !important;}&#8221;][\/vc_column][\/vc_row][vc_row][vc_column]<div class=\"vcex-recent-news-wrap clr\"><div class=\"vcex-module vcex-recent-news clr\"><div class=\"vcex-recent-news-entry-wrap vcex-grid-item\"><article class=\"vcex-recent-news-entry clr post-2493 post type-post status-publish format-standard hentry category-nezarazene entry no-media\"><div class=\"vcex-recent-news-date\"><span class=\"day\">05<\/span><span class=\"month\"><span>\u00dano<\/span> <span class=\"year\">26<\/span><\/span><\/div><div class=\"vcex-news-entry-details clr\"><header class=\"vcex-recent-news-entry-title entry-title\"><h2 class=\"vcex-recent-news-entry-title-heading\"><a href=\"https:\/\/asff.upol.cz\/index.php\/zmena-ve-slozeni-senatu-3\/\">Zm\u011bna ve slo\u017een\u00ed sen\u00e1tu<\/a><\/h2><\/header><div class=\"vcex-recent-news-entry-excerpt entry clr\"><p>P\u0159edseda sen\u00e1tu Ond\u0159ej Moln\u00e1r obdr\u017eel rezigna\u010dn\u00ed dopis od sen\u00e1tora Wilkena Engelbrechta. Prof. Engelbrecht se dle sv\u00fdch slov rozhodl p\u0159ijmout m\u00edsto v prod\u011bkansk\u00e9m t\u00fdmu rektorem \u010derstv\u011b ofici\u00e1ln\u011b jmenovan\u00e9ho d\u011bkana Jana Stejskala.&hellip;<\/p><\/div><div class=\"vcex-recent-news-entry-readmore-wrap entry-readmore-wrap clr\"><a href=\"https:\/\/asff.upol.cz\/index.php\/zmena-ve-slozeni-senatu-3\/\" class=\"theme-button\">Cel\u00e1 zpr\u00e1va...<\/a><\/div><\/div><\/article><\/div><div class=\"vcex-recent-news-entry-wrap vcex-grid-item\"><article class=\"vcex-recent-news-entry clr post-2428 post type-post status-publish format-standard hentry category-nezarazene entry no-media\"><div class=\"vcex-recent-news-date\"><span class=\"day\">21<\/span><span class=\"month\"><span>Led<\/span> <span class=\"year\">26<\/span><\/span><\/div><div class=\"vcex-news-entry-details clr\"><header class=\"vcex-recent-news-entry-title entry-title\"><h2 class=\"vcex-recent-news-entry-title-heading\"><a href=\"https:\/\/asff.upol.cz\/index.php\/senat-zasedl-v-novem-slozeni\/\">Sen\u00e1t zasedl v nov\u00e9m slo\u017een\u00ed<\/a><\/h2><\/header><div class=\"vcex-recent-news-entry-excerpt entry clr\"><p>Akademick\u00fd sen\u00e1t Filozofick\u00e9 fakulty Univerzity Palack\u00e9ho v Olomouci ve st\u0159edu 14. ledna 2026 zasedl ke sv\u00e9mu ustavuj\u00edc\u00edmu zased\u00e1n\u00ed. Sch\u016fzi nejprve jako p\u0159edsedaj\u00edc\u00ed \u0159\u00eddil prof. Wilken Engelbrecht - nejstar\u0161\u00ed z p\u0159\u00edtomn\u00fdch&hellip;<\/p><\/div><div class=\"vcex-recent-news-entry-readmore-wrap entry-readmore-wrap clr\"><a href=\"https:\/\/asff.upol.cz\/index.php\/senat-zasedl-v-novem-slozeni\/\" class=\"theme-button\">Cel\u00e1 zpr\u00e1va...<\/a><\/div><\/div><\/article><\/div><div class=\"vcex-recent-news-entry-wrap vcex-grid-item\"><article class=\"vcex-recent-news-entry clr post-2395 post type-post status-publish format-standard hentry category-nezarazene entry no-media\"><div class=\"vcex-recent-news-date\"><span class=\"day\">28<\/span><span class=\"month\"><span>\u0158\u00edj<\/span> <span class=\"year\">25<\/span><\/span><\/div><div class=\"vcex-news-entry-details clr\"><header class=\"vcex-recent-news-entry-title entry-title\"><h2 class=\"vcex-recent-news-entry-title-heading\"><a href=\"https:\/\/asff.upol.cz\/index.php\/akademicky-senat-ff-up-zvolil-kandidatem-na-dekana-jana-stejskala\/\">Akademick\u00fd sen\u00e1t FF UP zvolil kandid\u00e1tem na d\u011bkana Jana Stejskala<\/a><\/h2><\/header><div class=\"vcex-recent-news-entry-excerpt entry clr\"><p>\u00dater\u00fd 21. \u0159\u00edjen 2025, 18:02\u00a0\u2013 Text: Milada K\u0159\u00ed\u017ekov\u00e1 Hronov\u00e1 Filozofickou fakultu Univerzity Palack\u00e9ho by m\u011bl i v&nbsp;n\u00e1sleduj\u00edc\u00edm \u010dty\u0159let\u00e9m obdob\u00ed v\u00e9st historik Jan Stejskal. \u010ctrn\u00e1cti hlasy o tom v&nbsp;tajn\u00e9 elektronick\u00e9 volb\u011b&hellip;<\/p><\/div><div class=\"vcex-recent-news-entry-readmore-wrap entry-readmore-wrap clr\"><a href=\"https:\/\/asff.upol.cz\/index.php\/akademicky-senat-ff-up-zvolil-kandidatem-na-dekana-jana-stejskala\/\" class=\"theme-button\">Cel\u00e1 zpr\u00e1va...<\/a><\/div><\/div><\/article><\/div><div class=\"vcex-recent-news-entry-wrap vcex-grid-item\"><article class=\"vcex-recent-news-entry clr post-2387 post type-post status-publish format-standard hentry category-nezarazene entry no-media\"><div class=\"vcex-recent-news-date\"><span class=\"day\">03<\/span><span class=\"month\"><span>\u0158\u00edj<\/span> <span class=\"year\">25<\/span><\/span><\/div><div class=\"vcex-news-entry-details clr\"><header class=\"vcex-recent-news-entry-title entry-title\"><h2 class=\"vcex-recent-news-entry-title-heading\"><a href=\"https:\/\/asff.upol.cz\/index.php\/vyhlaseni-voleb-do-akademickeho-senatu-ff-up\/\">Vyhl\u00e1\u0161en\u00ed voleb do Akademick\u00e9ho sen\u00e1tu FF UP<\/a><\/h2><\/header><div class=\"vcex-recent-news-entry-excerpt entry clr\"><p>Akademick\u00fd sen\u00e1t Filozofick\u00e9 fakulty Univerzity Palack\u00e9ho v Olomouci na sv\u00e9m zased\u00e1n\u00ed 1. 10. 2025 vyhl\u00e1sil volby do Akademick\u00e9ho sen\u00e1tu FF UP na funk\u010dn\u00ed obdob\u00ed\u00a0od 1. ledna 2026 do 31. prosince&hellip;<\/p><\/div><div class=\"vcex-recent-news-entry-readmore-wrap entry-readmore-wrap clr\"><a href=\"https:\/\/asff.upol.cz\/index.php\/vyhlaseni-voleb-do-akademickeho-senatu-ff-up\/\" class=\"theme-button\">Cel\u00e1 zpr\u00e1va...<\/a><\/div><\/div><\/article><\/div><div class=\"vcex-recent-news-entry-wrap vcex-grid-item\"><article class=\"vcex-recent-news-entry clr post-2372 post type-post status-publish format-standard hentry category-nezarazene entry no-media\"><div class=\"vcex-recent-news-date\"><span class=\"day\">10<\/span><span class=\"month\"><span>Dub<\/span> <span class=\"year\">25<\/span><\/span><\/div><div class=\"vcex-news-entry-details clr\"><header class=\"vcex-recent-news-entry-title entry-title\"><h2 class=\"vcex-recent-news-entry-title-heading\"><a href=\"https:\/\/asff.upol.cz\/index.php\/akademicky-senat-ff-up-schvalil-nove-slozeni-sve-ekonomicke-komise\/\">Akademick\u00fd sen\u00e1t FF UP schv\u00e1lil nov\u00e9 slo\u017een\u00ed sv\u00e9 ekonomick\u00e9 komise<\/a><\/h2><\/header><div class=\"vcex-recent-news-entry-excerpt entry clr\"><p>Text: Milada K\u0159\u00ed\u017ekov\u00e1 Hronov\u00e1\u010ctvrtek 10. duben 2025 B\u011bhem dubnov\u00e9ho zased\u00e1n\u00ed schv\u00e1lil Akademick\u00fd sen\u00e1t Filozofick\u00e9 fakulty UP nov\u00e9 slo\u017een\u00ed sv\u00e9 ekonomick\u00e9 komise. P\u0159ijal tak\u00e9 dva z\u00e1m\u011bry studijn\u00edch program\u016f a t\u0159i d\u016fle\u017eit\u00e9&hellip;<\/p><\/div><div class=\"vcex-recent-news-entry-readmore-wrap entry-readmore-wrap clr\"><a href=\"https:\/\/asff.upol.cz\/index.php\/akademicky-senat-ff-up-schvalil-nove-slozeni-sve-ekonomicke-komise\/\" class=\"theme-button\">Cel\u00e1 zpr\u00e1va...<\/a><\/div><\/div><\/article><\/div><\/div><div class=\"wpex-pagination wpex-clr\"><ul class='page-numbers'>\n\t<li><span aria-current=\"page\" class=\"page-numbers current\"><span class=\"screen-reader-text\">Str\u00e1nka <\/span>1<\/span><\/li>\n\t<li><a class=\"page-numbers\" href=\"https:\/\/asff.upol.cz\/index.php\/wp-json\/wp\/v2\/pages\/1076\/page\/2\/\"><span class=\"screen-reader-text\">Str\u00e1nka <\/span>2<\/a><\/li>\n\t<li><a class=\"page-numbers\" href=\"https:\/\/asff.upol.cz\/index.php\/wp-json\/wp\/v2\/pages\/1076\/page\/3\/\"><span class=\"screen-reader-text\">Str\u00e1nka <\/span>3<\/a><\/li>\n\t<li><a class=\"page-numbers\" href=\"https:\/\/asff.upol.cz\/index.php\/wp-json\/wp\/v2\/pages\/1076\/page\/4\/\"><span class=\"screen-reader-text\">Str\u00e1nka <\/span>4<\/a><\/li>\n\t<li><span class=\"page-numbers dots\">&hellip;<\/span><\/li>\n\t<li><a class=\"page-numbers\" href=\"https:\/\/asff.upol.cz\/index.php\/wp-json\/wp\/v2\/pages\/1076\/page\/12\/\"><span class=\"screen-reader-text\">Str\u00e1nka <\/span>12<\/a><\/li>\n\t<li><a class=\"next page-numbers\" href=\"https:\/\/asff.upol.cz\/index.php\/wp-json\/wp\/v2\/pages\/1076\/page\/2\/\"><span class=\"ticon ticon-angle-right\" aria-hidden=\"true\"><\/span><span class=\"screen-reader-text\">Dal\u0161\u00ed<\/span><\/a><\/li>\n<\/ul>\n<\/div><\/div>[\/vc_column][\/vc_row]\n","protected":false},"excerpt":{"rendered":"<p>[vc_row parallax=&#8221;content-moving&#8221; parallax_image=&#8221;1347&#8243; css=&#8221;.vc_custom_1544615433221{margin-right: -31px !important;margin-left: -31px !important;border-bottom-width: 20px !important;padding-right: 100px !important;padding-bottom: 20px !important;padding-left: 100px !important;}&#8221; local_scroll_id=&#8221;intro&#8221; el_id=&#8221;intro&#8221; min_height=&#8221;360&#8243;][vc_column][\/vc_column][\/vc_row][vc_row][vc_column][vc_text_separator title=&#8221;Pozv\u00e1nky a z\u00e1pisy&#8221; border_width=&#8221;2&#8243; css=&#8221;.vc_custom_1505776622446{margin-bottom: 25px !important;}&#8221;][vc_column_text css_animation=&#8221;none&#8221; css=&#8221;.vc_custom_1772526165313{margin-bottom: 15px !important;}&#8221;] &#x1f4dd; P\u0159\u00ed\u0161t\u00ed, ustavuj\u00edc\u00ed zased\u00e1n\u00ed AS FF UP prob\u011bhne 25. b\u0159ezna&hellip;<\/p>\n","protected":false},"author":1,"featured_media":0,"parent":0,"menu_order":0,"comment_status":"closed","ping_status":"closed","template":"","meta":{"footnotes":""},"class_list":["post-1076","page","type-page","status-publish","hentry","entry","no-media"],"_links":{"self":[{"href":"https:\/\/asff.upol.cz\/index.php\/wp-json\/wp\/v2\/pages\/1076","targetHints":{"allow":["GET"]}}],"collection":[{"href":"https:\/\/asff.upol.cz\/index.php\/wp-json\/wp\/v2\/pages"}],"about":[{"href":"https:\/\/asff.upol.cz\/index.php\/wp-json\/wp\/v2\/types\/page"}],"author":[{"embeddable":true,"href":"https:\/\/asff.upol.cz\/index.php\/wp-json\/wp\/v2\/users\/1"}],"replies":[{"embeddable":true,"href":"https:\/\/asff.upol.cz\/index.php\/wp-json\/wp\/v2\/comments?post=1076"}],"version-history":[{"count":196,"href":"https:\/\/asff.upol.cz\/index.php\/wp-json\/wp\/v2\/pages\/1076\/revisions"}],"predecessor-version":[{"id":2507,"href":"https:\/\/asff.upol.cz\/index.php\/wp-json\/wp\/v2\/pages\/1076\/revisions\/2507"}],"wp:attachment":[{"href":"https:\/\/asff.upol.cz\/index.php\/wp-json\/wp\/v2\/media?parent=1076"}],"curies":[{"name":"wp","href":"https:\/\/api.w.org\/{rel}","templated":true}]}}